{"id":2427,"date":"2022-05-27T08:45:51","date_gmt":"2022-05-27T01:45:51","guid":{"rendered":"http:\/\/fra.com.vn\/en\/?post_type=product&#038;p=2427"},"modified":"2022-05-30T14:42:08","modified_gmt":"2022-05-30T07:42:08","slug":"bai-demo-1","status":"publish","type":"product","link":"https:\/\/fra.com.vn\/en\/san-pham\/bai-demo-1\/","title":{"rendered":"Easergy P5"},"content":{"rendered":"<table>\n<tbody>\n<tr>\n<td width=\"984\">R\u01a1-le b\u1ea3o v\u1ec7 trung th\u1ebf t\u1eadp trung v\u00e0o s\u1ef1 an to\u00e0n v\u00e0 an ninh m\u1ea1ng. D\u1ec5 d\u00e0ng s\u1eed d\u1ee5ng cho Nh\u00e0 l\u00e0m t\u1ee7 b\u1ea3ng \u0111i\u1ec7n, Nh\u00e0 t\u00edch h\u1ee3p h\u1ec7 th\u1ed1ng v\u00e0 Ng\u01b0\u1eddi d\u00f9ng cu\u1ed1i. T\u1eeb b\u1ea3o v\u1ec7 qu\u00e1 d\u00f2ng \u0111\u1ebfn b\u1ea3o v\u1ec7 so l\u1ec7ch v\u1edbi b\u1ea3o v\u1ec7 h\u1ed3 quang \u0111i\u1ec7n, LPCTs, LPVTs, giao ti\u1ebfp Ethernet d\u1ef1 ph\u00f2ng v\u00e0 IEC 61850<\/p>\n<p><strong>T\u00ednh n\u0103ng<\/strong><\/p>\n<p>Easergy P5 is our latest protection relay for demanding medium-voltage applications. It offers best-in-class safety*, security, reliability**, and connectivity. The Easergy P5 is part of the PowerLogic range of power monitoring and control solutions and has been built on more than 100 years of experience in protection relays.<\/p>\n<p>The P5 presents a major step forward for protection relays, bringing a number of best-in-class features together in one device, including:<\/p>\n<p>&#8211; Built-in arc flash protection<\/p>\n<p>&#8211; Advanced cybersecurity compliant to IEC 62443<\/p>\n<p>&#8211; Intuitive withdrawable design with backup memory<\/p>\n<p>&#8211; Redundant Ethernet with 7 communication protocols including IEC 61850<\/p>\n<p>&#8211; Plug and play hardware expansion that can evolve with your application<\/p>\n<p>&#8211; Compatibility with low power instrument transformers LPCT\/LPVT compliant to IEC 61869-10 and IEC 61869-11<\/p>\n<p>Advanced features are complemented by a comprehensive set of digital tools that mean you can simplify installation, configuration, and maintenance, enabling you to save time and money.<\/p>\n<p>&#8211; EcoStruxure Power Build, an online ordering tool for quicker and easier quotation and ordering<\/p>\n<p>&#8211; eSetup Easergy Pro, the setting and configuration tool with virtual injection testing<\/p>\n<p>&#8211; Embedded web server, allowing easy and fast settings change<\/p>\n<p>&#8211; EcoStruxure Power Device, a mobile application for simple control and monitoring from a safer distance<\/p>\n<p>&#8211; mySchneider mobile application, simple access to technical support and product data via QR code on the device<\/p>\n<p>As an EcoStruxure-ready solution, digital benefits can be taken even further with best-in-class monitoring of substation equipment health. When paired with EcoStruxure Asset Advisor software, users can unlock data for predictive maintenance, helping to reduce OpEx, speed up processes, and boost efficiency.<\/p>\n<p>* Electrical power systems can never be deemed fully safe.\u00a0 Functionality is available in Easergy P5 to reduce arc flash risk categorization, thereby improving safety.<\/p>\n<p>** Electrical reliability is commonly linked to correct maintenance and equipment health.\u00a0 With IoT connected sensors and real-time data from Easergy P5, you can plan maintenance when it is needed, to maximize uptime.<\/td>\n<\/tr>\n<tr>\n<td width=\"984\"><strong>L\u1ee3i \u00edch<\/strong><\/p>\n<p>Industry-leading protection<\/p>\n<p>&#8211; Built-in arc flash protection<\/p>\n<p>&#8211; Nearby control and monitoring with a mobile application<\/p>\n<p>&#8211; Latest cybersecurity built in, with IEC 62443 compliance and Achilles certification<\/p>\n<p>Best-in-class reliability<\/p>\n<p>&#8211; Withdrawable design for quicker maintenance<\/p>\n<p>&#8211; Backup memory function enabling industry-leading 10 minute recovery time!<\/p>\n<p>&#8211; Condition monitoring for reduced risk of power outage and maximized equipment life<\/p>\n<p>&#8211; Extended equipment lifetime when used with EcoStruxure Asset Advisor<\/p>\n<p>Maximized everyday simplicity<\/p>\n<p>&#8211; Easier operation with digital tools including the EcoStruxure Power Device app<\/p>\n<p>&#8211; Powerful communication with plug and play ports and seven protocols supported<\/p>\n<p>&#8211; Scalable hardware making it easy to upgrade as your applications evolve<\/td>\n<\/tr>\n<tr>\n<td width=\"984\"><strong>Ca\u0301c \u01b0\u0301ng du\u0323ng<\/strong><\/p>\n<p>Easergy P5 is designed for demanding MV applications in:<\/p>\n<p>&#8211; Electricity Companies<\/p>\n<p>&#8211; Critical Buildings &amp; Industries<\/p>\n<p>&#8211; Airports<\/p>\n<p>&#8211; Hospitals<\/p>\n<p>&#8211; Datacenters<\/p>\n<p>&#8211; Mining<\/p>\n<p>&#8211; Oil and Gas<\/p>\n<p><strong>T\u00e0i li\u1ec7u li\u00ean k\u1ebft:<\/strong><\/p>\n<ul>\n<li><a href=\"https:\/\/www.se.com\/vn\/en\/product-range\/62400-easergy-p5-protection-relays\/\"><span style=\"color: #ff0000;\"><em><strong>T\u00e0i li\u1ec7u s\u1ea3n ph\u1ea9m<\/strong><\/em><\/span><\/a><\/li>\n<li><a href=\"https:\/\/www.se.com\/vn\/en\/product-range\/62400-easergy-p5-protection-relays\/\"><span style=\"color: #ff0000;\"><em><strong>Ph\u1ea7n m\u1ec1m c\u01a1 s\u1edf\u00a0<\/strong><\/em><\/span><\/a><\/li>\n<\/ul>\n<\/td>\n<\/tr>\n<\/tbody>\n<\/table>\n<p><strong>LINH B\u1ed4 SUNG T\u00c0I LI\u1ec6U<\/strong><\/p>\n<p><span style=\"color: #ff0000;\"><em><strong><a style=\"color: #ff0000;\" href=\"https:\/\/www.se.com\/vn\/en\/product-range\/62400-easergy-p5-protection-relays\/\">Link s\u1ea3n ph\u1ea9m :\u00a0<\/a><\/strong><\/em><\/span><\/p>\n<p><a href=\"https:\/\/sketchfab.com\/3d-models\/p5-animated-6f96b0fe3854437c93c0ccad91905606\"><span style=\"color: #ff0000;\"><em><strong>Link b\u1ed5 sung s\u1ea3n ph\u1ea9m:\u00a0<\/strong><\/em><\/span><\/a><\/p>\n<p>&nbsp;<\/p>\n","protected":false},"excerpt":{"rendered":"<p>R\u01a1-le b\u1ea3o v\u1ec7 c\u00f3 th\u1ec3 r\u00fat k\u00e9o cho c\u00e1c \u1ee9ng d\u1ee5ng trung th\u1ebf. R\u01a1-le b\u1ea3o v\u1ec7 trung th\u1ebf t\u1eadp trung v\u00e0o s\u1ef1 an to\u00e0n v\u00e0 an ninh m\u1ea1ng<\/p>\n","protected":false},"featured_media":2475,"comment_status":"open","ping_status":"closed","template":"","meta":[],"product_cat":[143,154,151,153,157,152,158,149,142,141,159,150,155,156],"product_tag":[],"_links":{"self":[{"href":"https:\/\/fra.com.vn\/en\/wp-json\/wp\/v2\/product\/2427"}],"collection":[{"href":"https:\/\/fra.com.vn\/en\/wp-json\/wp\/v2\/product"}],"about":[{"href":"https:\/\/fra.com.vn\/en\/wp-json\/wp\/v2\/types\/product"}],"replies":[{"embeddable":true,"href":"https:\/\/fra.com.vn\/en\/wp-json\/wp\/v2\/comments?post=2427"}],"wp:featuredmedia":[{"embeddable":true,"href":"https:\/\/fra.com.vn\/en\/wp-json\/wp\/v2\/media\/2475"}],"wp:attachment":[{"href":"https:\/\/fra.com.vn\/en\/wp-json\/wp\/v2\/media?parent=2427"}],"wp:term":[{"taxonomy":"product_cat","embeddable":true,"href":"https:\/\/fra.com.vn\/en\/wp-json\/wp\/v2\/product_cat?post=2427"},{"taxonomy":"product_tag","embeddable":true,"href":"https:\/\/fra.com.vn\/en\/wp-json\/wp\/v2\/product_tag?post=2427"}],"curies":[{"name":"wp","href":"https:\/\/api.w.org\/{rel}","templated":true}]}}