{"id":1844,"date":"2022-05-20T05:49:33","date_gmt":"2022-05-20T05:49:33","guid":{"rendered":"http:\/\/fra.com.vn\/en\/?page_id=1844"},"modified":"2022-05-20T05:56:05","modified_gmt":"2022-05-20T05:56:05","slug":"dich-vu-tu-van-thiet-ke","status":"publish","type":"page","link":"https:\/\/fra.com.vn\/en\/dich-vu-tu-van-thiet-ke\/","title":{"rendered":"D\u1ecbch v\u1ee5 t\u01b0 v\u1ea5n thi\u1ebft k\u1ebf"},"content":{"rendered":"\t<section class=\"section sp_banner\" id=\"section_1783229953\">\n\t\t<div class=\"bg section-bg fill bg-fill  bg-loaded\" >\n\n\t\t\t\n\t\t\t\n\t\t\t\n\n\t\t<\/div><!-- .section-bg -->\n\n\t\t<div class=\"section-content relative\">\n\t\t\t\n\n  <div class=\"banner has-hover\" id=\"banner-419189568\">\n          <div class=\"banner-inner fill\">\n        <div class=\"banner-bg fill\" >\n            <div class=\"bg fill bg-fill \"><\/div>\n                                    \n                    <\/div><!-- bg-layers -->\n        <div class=\"banner-layers container\">\n            <div class=\"fill banner-link\"><\/div>            \n   <div id=\"text-box-1261901446\" class=\"text-box banner-layer x2 md-x2 lg-x2 y50 md-y50 lg-y50 res-text\">\n                                <div class=\"text dark\">\n              \n              <div class=\"text-inner text-left\">\n                  \n<p><strong><span style=\"font-size: 24px;\">| D\u1ecaCH V\u1ee4 T\u01af V\u1ea4N THI\u1ebeT K\u1ebe D\u1ef0 \u00c1N\u00a0<\/span><\/strong><\/p>\n              <\/div>\n           <\/div><!-- text-box-inner -->\n                            \n<style scope=\"scope\">\n\n#text-box-1261901446 {\n  width: 100%;\n}\n#text-box-1261901446 .text {\n  font-size: 100%;\n}\n<\/style>\n    <\/div><!-- text-box -->\n \n        <\/div><!-- .banner-layers -->\n      <\/div><!-- .banner-inner -->\n\n            \n<style scope=\"scope\">\n\n#banner-419189568 {\n  padding-top: 450px;\n}\n#banner-419189568 .bg.bg-loaded {\n  background-image: url(https:\/\/fra.com.vn\/en\/wp-content\/uploads\/2022\/05\/Slide-EX-1400x601.png);\n}\n<\/style>\n  <\/div><!-- .banner -->\n\n\n\t\t<\/div><!-- .section-content -->\n\n\t\t\n<style scope=\"scope\">\n\n#section_1783229953 {\n  padding-top: 0px;\n  padding-bottom: 0px;\n}\n<\/style>\n\t<\/section>\n\t\n\t<section class=\"section sp_01\" id=\"section_1883089587\">\n\t\t<div class=\"bg section-bg fill bg-fill  bg-loaded\" >\n\n\t\t\t\n\t\t\t\n\t\t\t\n\n\t\t<\/div><!-- .section-bg -->\n\n\t\t<div class=\"section-content relative\">\n\t\t\t\n<div class=\"row\"  id=\"row-6333109\">\n<div class=\"col sp_text_left medium-3 small-12 large-3\"  ><div class=\"col-inner\"  >\n<div class=\"container section-title-container\" ><h2 class=\"section-title section-title-normal\"><b><\/b><span class=\"section-title-main\" >T\u01af V\u1ea4N THI\u1ebeT K\u1ebe D\u1ef0 \u00c1N T\u1ed4NG TH\u1ec2<\/span><b><\/b><\/h2><\/div><!-- .section-title -->\n<\/div><\/div>\n<div class=\"col sp_text_right medium-9 small-12 large-9\"  ><div class=\"col-inner\"  >\n<ul>\n<li>\n<div class=\"wpb_text_column wpb_content_element  vc_custom_1563555620064\">\n<div class=\"wpb_wrapper\">\n<p>Ch\u00fang t\u00f4i cung c\u1ea5p d\u1ecbch v\u1ee5 thi\u1ebft k\u1ebf:<\/p>\n<p>H\u1ec7 th\u1ed1ng t\u1ef1 \u0111\u1ed9ng h\u00f3a cho Tr\u1ea1m v\u00e0 Nh\u00e0 m\u00e1y \u0111i\u1ec7n. H\u1ec7 th\u1ed1ng qu\u1ea3n l\u00fd \u0111o \u0111\u1ebfm th\u00f4ng minh, H\u1ec7 th\u1ed1ng an ninh th\u00f4ng tin cho c\u00e1c nh\u00e0 m\u00e1y \u0111i\u1ec7n k\u1ebft n\u1ed1i v\u00e0o trung t\u00e2m \u0111i\u1ec1u \u0111\u1ed9 qu\u1ed1c gi\u00e1, H\u1ec7 th\u1ed1ng an ninh c\u1ea3nh b\u00e1o b\u1eb1ng h\u00ecnh \u1ea3nh chuy\u00ean d\u1ee5ng cho c\u00e1c nh\u00e0 m\u00e1y \u0111i\u1ec7n, H\u1ec7 th\u1ed1ng qu\u1ea3n l\u00fd t\u00f2a nh\u00e0 BMS v\u00e0 nh\u00e0 m\u00e1y, h\u1ec7 th\u1ed1ng ki\u1ec3m so\u00e1t an ninh v\u00e0o ra chuy\u00ean d\u1ee5ng v\u1edbi c\u1eeda ph\u00e2n l\u00e0n, H\u1ec7 th\u1ed1ng smart home&#8230;.<\/p>\n<p>\u0110\u1ed9i ng\u0169 k\u1ef9 s\u01b0 thi\u1ebft k\u1ebf c\u1ee7a ch\u00fang t\u00f4i l\u00e0 c\u00e1c chuy\u00ean gia trong l\u0129nh v\u1ef1c thi\u1ebft k\u1ebf v\u00e0 x\u00e2y d\u1ef1ng h\u1ec7 th\u1ed1ng \u0111i\u1ec1u khi\u1ec3n b\u1ea3o v\u1ec7 t\u00edch h\u1ee3p, tu\u00e2n th\u1ee7 c\u00e1c ti\u00eau chu\u1ea9n qu\u1ed1c t\u1ebf nh\u01b0 IEC-61850 v\u00e0 IEC-60870-5-101\/104.<\/p>\n<\/div>\n<\/div>\n<h3 class=\"vc_custom_heading vc_custom_1563555709278\">Nhi\u1ec7m v\u1ee5 thi\u1ebft k\u1ebf:<\/h3>\n<div class=\"wpb_text_column wpb_content_element \">\n<div class=\"wpb_wrapper\">\n<ul>\n<li>\u0110\u01a1n gi\u1ea3n<\/li>\n<li>Hi\u1ec7u qu\u1ea3 kinh t\u1ebf cao<\/li>\n<li>Ch\u1ea5t l\u01b0\u1ee3ng cao trong t\u1eebng c\u00f4ng \u0111o\u1ea1n<\/li>\n<li>Ho\u00e0n h\u1ea3o trong v\u1eadn h\u00e0nh<\/li>\n<li>N\u00e2ng cao t\u00ednh n\u0103ng h\u1ec7 th\u1ed1ng<\/li>\n<li>D\u1ec5 d\u00e0ng n\u00e2ng c\u1ea5p, m\u1edf r\u1ed9ng v\u00e0 k\u1ebft n\u1ed1i v\u1edbi thi\u1ebft b\u1ecb c\u1ee7a c\u00e1c nh\u00e0 cung c\u1ea5p kh\u00e1c<\/li>\n<\/ul>\n<\/div>\n<\/div>\n<\/li>\n<\/ul>\n<a class=\"button primary\"  style=\"border-radius:10px;\">\n    <span>T\u00e0i li\u1ec7u s\u1ea3n ph\u1ea9m<\/span>\n  <\/a>\n\n<\/div><\/div>\n<\/div>\n\t\t<\/div><!-- .section-content -->\n\n\t\t\n<style scope=\"scope\">\n\n#section_1883089587 {\n  padding-top: 60px;\n  padding-bottom: 60px;\n}\n<\/style>\n\t<\/section>\n\t\n\t<section class=\"section sp_03\" id=\"section_1420477314\">\n\t\t<div class=\"bg section-bg fill bg-fill  bg-loaded\" >\n\n\t\t\t\n\t\t\t\n\t\t\t\n\n\t\t<\/div><!-- .section-bg -->\n\n\t\t<div class=\"section-content relative\">\n\t\t\t\n<div class=\"row\"  id=\"row-632118159\">\n<div class=\"col small-12 large-12\"  ><div class=\"col-inner\"  >\n\t<div class=\"img has-hover x md-x lg-x y md-y lg-y\" id=\"image_833370760\">\n\t\t\t\t\t\t\t\t<div class=\"img-inner dark\" style=\"margin:0px 0px 30px 0px;\">\n\t\t\t<img width=\"585\" height=\"335\" src=\"https:\/\/fra.com.vn\/en\/wp-content\/uploads\/2022\/05\/scada.jpg\" class=\"attachment-original size-original\" alt=\"\" loading=\"lazy\" \/>\t\t\t\t\t\t\n\t\t\t\t\t<\/div>\n\t\t\t\t\t\t\t\t\n<style scope=\"scope\">\n\n#image_833370760 {\n  width: 100%;\n}\n<\/style>\n\t<\/div>\n\t\n<\/div><\/div>\n<\/div>\n<div class=\"row\"  id=\"row-695635922\">\n<div class=\"col small-12 large-12\"  ><div class=\"col-inner\"  >\n<div class=\"container section-title-container\" ><h3 class=\"section-title section-title-normal\"><b><\/b><span class=\"section-title-main\" >\u0110\u1eb7c t\u00ednh ti\u00eau bi\u1ec3u<\/span><b><\/b><\/h3><\/div><!-- .section-title -->\n<h2>\u01afu \u0111i\u1ec3m c\u1ee7a ch\u00fang t\u00f4i<\/h2>\n<\/div><\/div>\n<\/div>\n\t\t<\/div><!-- .section-content -->\n\n\t\t\n<style scope=\"scope\">\n\n#section_1420477314 {\n  padding-top: 60px;\n  padding-bottom: 60px;\n}\n<\/style>\n\t<\/section>\n\t\n\t<section class=\"section gth_lich_su\" id=\"section_783121659\">\n\t\t<div class=\"bg section-bg fill bg-fill  bg-loaded\" >\n\n\t\t\t\n\t\t\t\n\t\t\t\n\n\t\t<\/div><!-- .section-bg -->\n\n\t\t<div class=\"section-content relative\">\n\t\t\t\n<div class=\"row\"  id=\"row-333914287\">\n<div class=\"col gth_ls_left medium-6 small-12 large-6\"  ><div class=\"col-inner\"  >\n\t<div class=\"box has-hover has-hover box-text-bottom\" >\n\n\t\t<div class=\"box-image\" >\n\t\t\t\t\t\t<div class=\"\" >\n\t\t\t\t<img width=\"959\" height=\"344\" src=\"https:\/\/fra.com.vn\/en\/wp-content\/uploads\/2022\/05\/g1.png\" class=\"attachment- size-\" alt=\"\" loading=\"lazy\" srcset=\"https:\/\/fra.com.vn\/en\/wp-content\/uploads\/2022\/05\/g1.png 959w, https:\/\/fra.com.vn\/en\/wp-content\/uploads\/2022\/05\/g1-800x287.png 800w, https:\/\/fra.com.vn\/en\/wp-content\/uploads\/2022\/05\/g1-768x275.png 768w\" sizes=\"(max-width: 959px) 100vw, 959px\" \/>\t\t\t\t\t\t\t\t\t\t\t<\/div>\n\t\t\t\t\t<\/div><!-- box-image -->\n\n\t\t<div class=\"box-text text-center\" >\n\t\t\t<div class=\"box-text-inner\">\n\t\t\t\t\n<h4>D\u1ef1 \u00e1n c\u1ee7a ch\u00fang t\u00f4i<\/h4>\n<a href=\"#\" target=\"_self\" class=\"button primary\"  style=\"border-radius:10px;\">\n    <span>Xem d\u1ef1 \u00e1n<\/span>\n  <\/a>\n\n\t\t\t<\/div><!-- box-text-inner -->\n\t\t<\/div><!-- box-text -->\n\t<\/div><!-- .box  -->\n\t\n<\/div><\/div>\n<div class=\"col gth_ls_rigth medium-6 small-12 large-6\"  ><div class=\"col-inner\"  >\n\t<div class=\"box has-hover has-hover box-text-bottom\" >\n\n\t\t<div class=\"box-image\" >\n\t\t\t\t\t\t<div class=\"\" >\n\t\t\t\t<img width=\"961\" height=\"344\" src=\"https:\/\/fra.com.vn\/en\/wp-content\/uploads\/2022\/05\/g2.png\" class=\"attachment- size-\" alt=\"\" loading=\"lazy\" srcset=\"https:\/\/fra.com.vn\/en\/wp-content\/uploads\/2022\/05\/g2.png 961w, https:\/\/fra.com.vn\/en\/wp-content\/uploads\/2022\/05\/g2-800x286.png 800w, https:\/\/fra.com.vn\/en\/wp-content\/uploads\/2022\/05\/g2-768x275.png 768w\" sizes=\"(max-width: 961px) 100vw, 961px\" \/>\t\t\t\t\t\t\t\t\t\t\t<\/div>\n\t\t\t\t\t<\/div><!-- box-image -->\n\n\t\t<div class=\"box-text text-center\" >\n\t\t\t<div class=\"box-text-inner\">\n\t\t\t\t\n<h4>Li\u00ean h\u1ec7 v\u1edbi ch\u00fang t\u00f4i<\/h4>\n<a href=\"#\" target=\"_self\" class=\"button primary\"  style=\"border-radius:10px;\">\n    <span>Li\u00ean h\u1ec7<\/span>\n  <\/a>\n\n\t\t\t<\/div><!-- box-text-inner -->\n\t\t<\/div><!-- box-text -->\n\t<\/div><!-- .box  -->\n\t\n<\/div><\/div>\n<\/div>\n\t\t<\/div><!-- .section-content -->\n\n\t\t\n<style scope=\"scope\">\n\n#section_783121659 {\n  padding-top: 0px;\n  padding-bottom: 0px;\n}\n<\/style>\n\t<\/section>\n\t\n","protected":false},"excerpt":{"rendered":"","protected":false},"author":3,"featured_media":0,"parent":0,"menu_order":0,"comment_status":"closed","ping_status":"closed","template":"page-blank.php","meta":[],"_links":{"self":[{"href":"https:\/\/fra.com.vn\/en\/wp-json\/wp\/v2\/pages\/1844"}],"collection":[{"href":"https:\/\/fra.com.vn\/en\/wp-json\/wp\/v2\/pages"}],"about":[{"href":"https:\/\/fra.com.vn\/en\/wp-json\/wp\/v2\/types\/page"}],"author":[{"embeddable":true,"href":"https:\/\/fra.com.vn\/en\/wp-json\/wp\/v2\/users\/3"}],"replies":[{"embeddable":true,"href":"https:\/\/fra.com.vn\/en\/wp-json\/wp\/v2\/comments?post=1844"}],"version-history":[{"count":2,"href":"https:\/\/fra.com.vn\/en\/wp-json\/wp\/v2\/pages\/1844\/revisions"}],"predecessor-version":[{"id":1848,"href":"https:\/\/fra.com.vn\/en\/wp-json\/wp\/v2\/pages\/1844\/revisions\/1848"}],"wp:attachment":[{"href":"https:\/\/fra.com.vn\/en\/wp-json\/wp\/v2\/media?parent=1844"}],"curies":[{"name":"wp","href":"https:\/\/api.w.org\/{rel}","templated":true}]}}