{"id":1730,"date":"2022-05-19T08:41:49","date_gmt":"2022-05-19T08:41:49","guid":{"rendered":"http:\/\/fra.com.vn\/en\/?page_id=1730"},"modified":"2022-05-19T08:41:49","modified_gmt":"2022-05-19T08:41:49","slug":"giai-phap-bms-cho-building-factory-smart-home","status":"publish","type":"page","link":"https:\/\/fra.com.vn\/en\/giai-phap-bms-cho-building-factory-smart-home\/","title":{"rendered":"Gi\u1ea3i ph\u00e1p BMS cho Building, Factory &#8211; Smart Home"},"content":{"rendered":"\t<section class=\"section sp_banner\" id=\"section_850132575\">\n\t\t<div class=\"bg section-bg fill bg-fill  bg-loaded\" >\n\n\t\t\t\n\t\t\t\n\t\t\t\n\n\t\t<\/div><!-- .section-bg -->\n\n\t\t<div class=\"section-content relative\">\n\t\t\t\n\n  <div class=\"banner has-hover\" id=\"banner-1193046980\">\n          <div class=\"banner-inner fill\">\n        <div class=\"banner-bg fill\" >\n            <div class=\"bg fill bg-fill \"><\/div>\n                                    \n                    <\/div><!-- bg-layers -->\n        <div class=\"banner-layers container\">\n            <div class=\"fill banner-link\"><\/div>            \n   <div id=\"text-box-2059350582\" class=\"text-box banner-layer x50 md-x50 lg-x50 y65 md-y65 lg-y65 res-text\">\n                                <div class=\"text dark\">\n              \n              <div class=\"text-inner text-left\">\n                  \n<p><span style=\"font-size: 24px;\"><strong>|<\/strong> GI\u1ea2I PH\u00c1P \u0110I\u1ec0U KHI\u1ec2N NH\u00c0 M\u00c1Y \u0110I\u1ec6N N\u0102NG L\u01af\u1ee2NG T\u00c1I T\u1ea0O<\/span><\/p>\n<p><span style=\"font-size: 24px;\"><strong>NH\u00c0 M\u00c1Y \u0110I\u1ec6N GI\u00d3\u00a0<\/strong><\/span><\/p>\n              <\/div>\n           <\/div><!-- text-box-inner -->\n                            \n<style scope=\"scope\">\n\n#text-box-2059350582 {\n  width: 100%;\n}\n#text-box-2059350582 .text {\n  font-size: 100%;\n}\n<\/style>\n    <\/div><!-- text-box -->\n \n        <\/div><!-- .banner-layers -->\n      <\/div><!-- .banner-inner -->\n\n            \n<style scope=\"scope\">\n\n#banner-1193046980 {\n  padding-top: 450px;\n}\n#banner-1193046980 .bg.bg-loaded {\n  background-image: url(https:\/\/fra.com.vn\/en\/wp-content\/uploads\/2022\/05\/sp-1400x337.jpg);\n}\n<\/style>\n  <\/div><!-- .banner -->\n\n\n\t\t<\/div><!-- .section-content -->\n\n\t\t\n<style scope=\"scope\">\n\n#section_850132575 {\n  padding-top: 0px;\n  padding-bottom: 0px;\n}\n<\/style>\n\t<\/section>\n\t\n\t<section class=\"section sp_01\" id=\"section_2114078419\">\n\t\t<div class=\"bg section-bg fill bg-fill  bg-loaded\" >\n\n\t\t\t\n\t\t\t\n\t\t\t\n\n\t\t<\/div><!-- .section-bg -->\n\n\t\t<div class=\"section-content relative\">\n\t\t\t\n<div class=\"row\"  id=\"row-338098963\">\n<div class=\"col sp_text_left medium-3 small-12 large-3\"  ><div class=\"col-inner\"  >\n<div class=\"container section-title-container\" ><h2 class=\"section-title section-title-normal\"><b><\/b><span class=\"section-title-main\" >\u0110I\u1ec0U KHI\u1ec2N NH\u00c0 M\u00c1Y \u0110I\u1ec6N N\u0102NG L\u01af\u1ee2NG T\u00c1I T\u1ea0O - NH\u00c0 M\u00c1Y \u0110I\u1ec6N GI\u00d3<\/span><b><\/b><\/h2><\/div><!-- .section-title -->\n<\/div><\/div>\n<div class=\"col sp_text_right medium-9 small-12 large-9\"  ><div class=\"col-inner\"  >\n<h3>Gi\u1ea3i ph\u00e1p \u0111i\u1ec1u khi\u1ec3n Nh\u00e0 m\u00e1y \u0111i\u1ec7n Gi\u00f3<\/h3>\n<p>T\u01b0\u01a1ng t\u1ef1 nh\u01b0 gi\u1ea3i ph\u00e1p \u0111i\u1ec1u khi\u1ec3n NM\u0110 M\u1eb7t tr\u1eddi, gi\u1ea3i ph\u00e1p \u0111i\u1ec1u khi\u1ec3n NM\u0110 Gi\u00f3 c\u0169ng l\u00e0 th\u1ebf m\u1ea1nh m\u00e0 FRA \u0111\u01b0\u1ee3c r\u1ea5t nhi\u1ec1u \u0111\u01a1n v\u1ecb \u0111\u00e1nh gi\u00e1 cao.<\/p>\n<p>FRA l\u00e0 nh\u00e0 t\u00edch h\u1ee3p h\u1ec7 th\u1ed1ng ch\u1ee9ng ch\u1ec9 EcoXpert Substation Automation &amp; EcoXpert Critical Power c\u1ee7a Schneider Vi\u1ec7t Nam. Ngo\u00e0i ra FRA c\u00f2n vinh d\u1ef1 l\u00e0 nh\u00e0 t\u00edch h\u1ee3p h\u1ec7 th\u1ed1ng To\u00e0n c\u1ea7u ch\u1ee9ng ch\u1ec9 c\u1ea5p Master c\u1ee7a T\u1eadp \u0111o\u00e0n Schneider, \u0111\u00e2y l\u00e0 c\u1ea5p ch\u1ee9ng ch\u1ec9 cao nh\u1ea5t c\u1ee7a T\u1eadp \u0111o\u00e0n Schneider to\u00e0n c\u1ea7u.<\/p>\n<p>Tr\u00ean c\u01a1 s\u1edf H\u1ec7 th\u1ed1ng Scada v\u00e0 t\u1ef1 \u0111\u1ed9ng h\u00f3a tr\u1ea1m Pacis\/Schneider\/Ph\u00e1p FRA \u0111\u00e3 x\u00e2y d\u1ef1ng 1 gi\u1ea3i ph\u00e1p ho\u00e0n ch\u1ec9nh cho h\u1ec7 th\u1ed1ng gi\u00e1m s\u00e1t v\u00e0 \u0111i\u1ec1u khi\u1ec3n nh\u00e0 m\u00e1y \u0111i\u1ec7n gi\u00f3 trong \u0111\u00f3: H\u1ec7 th\u1ed1ng \u0111i\u1ec1u khi\u1ec3n Pacis k\u1ebft n\u1ed1i v\u00e0 \u0111i\u1ec1u khi\u1ec3n tr\u1ef1c ti\u1ebfp \u0111\u1ebfn c\u00e1c thi\u1ebft b\u1ecb trong tr\u1ea1m bi\u1ebfn, k\u1ebft n\u1ed1i v\u1edbi h\u1ec7 th\u1ed1ng \u0111i\u1ec1u khi\u1ec3n Wind farm qua giao th\u1ee9c Modbus, IEC 60870-5-104, DNP3,&#8230; \u0111\u1ec3 \u0111i\u1ec1u khi\u1ec3n c\u00e1c thi\u1ebft b\u1ecb wind farm c\u0169ng nh\u01b0 k\u1ebft n\u1ed1i v\u1edbi trung t\u00e2m \u0111i\u1ec1u \u0111\u1ed9 mi\u1ec1n v\u00e0 trung t\u00e2m \u0111i\u1ec1u \u0111\u1ed9 qu\u1ed1c gia \u0111\u1ec3 nh\u00e0 m\u00e1y h\u00f2a l\u01b0\u1edbi.<\/p>\n<a class=\"button primary\"  style=\"border-radius:10px;\">\n    <span>T\u00e0i li\u1ec7u s\u1ea3n ph\u1ea9m<\/span>\n  <\/a>\n\n<\/div><\/div>\n<\/div>\n\t\t<\/div><!-- .section-content -->\n\n\t\t\n<style scope=\"scope\">\n\n#section_2114078419 {\n  padding-top: 60px;\n  padding-bottom: 60px;\n}\n<\/style>\n\t<\/section>\n\t\n\t<section class=\"section sp_02\" id=\"section_862571031\">\n\t\t<div class=\"bg section-bg fill bg-fill  bg-loaded\" >\n\n\t\t\t\n\t\t\t\n\t\t\t\n\n\t\t<\/div><!-- .section-bg -->\n\n\t\t<div class=\"section-content relative\">\n\t\t\t\n<div class=\"row\"  id=\"row-393703600\">\n<div class=\"col small-12 large-12\"  ><div class=\"col-inner\"  >\n \n    <div class=\"block__element_head\">\n    <h2 class=\"heading\"><span>Gi\u1ea3i ph\u00e1p linh ho\u1ea1t &amp; \u0111\u00e1ng tin c\u1eady<\/span><\/h2>\n    <p class=\"text_head\"><\/p>\n   \n    <\/div>\n\n<div class=\"row\"  id=\"row-815031198\">\n<div class=\"col medium-3 small-12 large-3\"  ><div class=\"col-inner\"  >\n\t<div class=\"box has-hover has-hover box-text-bottom\" >\n\n\t\t<div class=\"box-image\" style=\"width:24%;\">\n\t\t\t\t\t\t<div class=\"\" >\n\t\t\t\t<img width=\"66\" height=\"66\" src=\"https:\/\/fra.com.vn\/en\/wp-content\/uploads\/2022\/05\/sp1.png\" class=\"attachment- size-\" alt=\"\" loading=\"lazy\" \/>\t\t\t\t\t\t\t\t\t\t\t<\/div>\n\t\t\t\t\t<\/div><!-- box-image -->\n\n\t\t<div class=\"box-text text-center\" >\n\t\t\t<div class=\"box-text-inner\">\n\t\t\t\t\n<h4>Ki\u1ebfn tr\u00fac M\u00f4-\u0111un<br \/>\nv\u00e0 Th\u00f4ng minh<\/h4>\n\t\t\t<\/div><!-- box-text-inner -->\n\t\t<\/div><!-- box-text -->\n\t<\/div><!-- .box  -->\n\t\n<\/div><\/div>\n<div class=\"col medium-3 small-12 large-3\"  ><div class=\"col-inner\"  >\n\t<div class=\"box has-hover has-hover box-text-bottom\" >\n\n\t\t<div class=\"box-image\" style=\"width:24%;\">\n\t\t\t\t\t\t<div class=\"\" >\n\t\t\t\t<img width=\"64\" height=\"62\" src=\"https:\/\/fra.com.vn\/en\/wp-content\/uploads\/2022\/05\/sp2.png\" class=\"attachment- size-\" alt=\"\" loading=\"lazy\" \/>\t\t\t\t\t\t\t\t\t\t\t<\/div>\n\t\t\t\t\t<\/div><!-- box-image -->\n\n\t\t<div class=\"box-text text-center\" >\n\t\t\t<div class=\"box-text-inner\">\n\t\t\t\t\n<h4>Giao di\u1ec7n Th\u00e2n thi\u1ec7n<br \/>\nd\u1ec5 s\u1eed d\u1ee5ng<\/h4>\n\t\t\t<\/div><!-- box-text-inner -->\n\t\t<\/div><!-- box-text -->\n\t<\/div><!-- .box  -->\n\t\n<\/div><\/div>\n<div class=\"col medium-3 small-12 large-3\"  ><div class=\"col-inner\"  >\n\t<div class=\"box has-hover has-hover box-text-bottom\" >\n\n\t\t<div class=\"box-image\" style=\"width:24%;\">\n\t\t\t\t\t\t<div class=\"\" >\n\t\t\t\t<img width=\"65\" height=\"65\" src=\"https:\/\/fra.com.vn\/en\/wp-content\/uploads\/2022\/05\/sp3.png\" class=\"attachment- size-\" alt=\"\" loading=\"lazy\" \/>\t\t\t\t\t\t\t\t\t\t\t<\/div>\n\t\t\t\t\t<\/div><!-- box-image -->\n\n\t\t<div class=\"box-text text-center\" >\n\t\t\t<div class=\"box-text-inner\">\n\t\t\t\t\n<h4>Ch\u1ebf \u0111\u1ed9 B\u1ea3o m\u1eadt<br \/>\nH\u1ea1 t\u1ea7ng Quan tr\u1ecdng<\/h4>\n\t\t\t<\/div><!-- box-text-inner -->\n\t\t<\/div><!-- box-text -->\n\t<\/div><!-- .box  -->\n\t\n<\/div><\/div>\n<div class=\"col medium-3 small-12 large-3\"  ><div class=\"col-inner\"  >\n\t<div class=\"box has-hover has-hover box-text-bottom\" >\n\n\t\t<div class=\"box-image\" style=\"width:24%;\">\n\t\t\t\t\t\t<div class=\"\" >\n\t\t\t\t<img width=\"78\" height=\"68\" src=\"https:\/\/fra.com.vn\/en\/wp-content\/uploads\/2022\/05\/sp4.png\" class=\"attachment- size-\" alt=\"\" loading=\"lazy\" \/>\t\t\t\t\t\t\t\t\t\t\t<\/div>\n\t\t\t\t\t<\/div><!-- box-image -->\n\n\t\t<div class=\"box-text text-center\" >\n\t\t\t<div class=\"box-text-inner\">\n\t\t\t\t\n<h4>Thi\u1ebft k\u1ebf Linh ho\u1ea1t<br \/>\nT\u1ef1 \u0111\u1ed9ng h\u00f3a<\/h4>\n\t\t\t<\/div><!-- box-text-inner -->\n\t\t<\/div><!-- box-text -->\n\t<\/div><!-- .box  -->\n\t\n<\/div><\/div>\n<\/div>\n<\/div><\/div>\n<\/div>\n\t\t<\/div><!-- .section-content -->\n\n\t\t\n<style scope=\"scope\">\n\n#section_862571031 {\n  padding-top: 60px;\n  padding-bottom: 60px;\n  background-color: rgb(247, 247, 247);\n}\n<\/style>\n\t<\/section>\n\t\n\t<section class=\"section sp_03\" id=\"section_1684623605\">\n\t\t<div class=\"bg section-bg fill bg-fill  bg-loaded\" >\n\n\t\t\t\n\t\t\t\n\t\t\t\n\n\t\t<\/div><!-- .section-bg -->\n\n\t\t<div class=\"section-content relative\">\n\t\t\t\n<div class=\"row\"  id=\"row-126750478\">\n<div class=\"col small-12 large-12\"  ><div class=\"col-inner\"  >\n\t<div class=\"img has-hover x md-x lg-x y md-y lg-y\" id=\"image_655438727\">\n\t\t\t\t\t\t\t\t<div class=\"img-inner dark\" style=\"margin:0px 0px 30px 0px;\">\n\t\t\t<img width=\"600\" height=\"337\" src=\"https:\/\/fra.com.vn\/en\/wp-content\/uploads\/2022\/05\/Dien-gio-Thuan-nhien-Phong.jpg\" class=\"attachment-original size-original\" alt=\"\" loading=\"lazy\" \/>\t\t\t\t\t\t\n\t\t\t\t\t<\/div>\n\t\t\t\t\t\t\t\t\n<style scope=\"scope\">\n\n#image_655438727 {\n  width: 100%;\n}\n<\/style>\n\t<\/div>\n\t\n<\/div><\/div>\n<\/div>\n<div class=\"row\"  id=\"row-810996079\">\n<div class=\"col small-12 large-12\"  ><div class=\"col-inner\"  >\n<div class=\"container section-title-container\" ><h3 class=\"section-title section-title-normal\"><b><\/b><span class=\"section-title-main\" >\u0110\u1eb7c t\u00ednh ti\u00eau bi\u1ec3u<\/span><b><\/b><\/h3><\/div><!-- .section-title -->\n<p>Tr\u00ean n\u1ec1n t\u1ea3ng h\u1ec7 th\u1ed1ng Pacis, FRA x\u00e2y d\u1ef1ng 1 h\u1ec7 th\u1ed1ng \u0111i\u1ec1u khi\u1ec3n duy nh\u1ea5t cho to\u00e0n b\u1ed9 nh\u00e0 m\u00e1y \u0111i\u1ec7n gi\u00f3 (bao g\u1ed3m: truy c\u1eadp tr\u1ef1c ti\u1ebfp \u0111\u1ebfn tr\u1ea1m bi\u1ebfn \u00e1p, k\u1ebft n\u1ed1i h\u1ec7 th\u1ed1ng \u0111i\u1ec1u khi\u1ec3n Wind Farm do \u0111\u01a1n v\u1ecb cung c\u1ea5p Turbine cung c\u1ea5p) \u0111em l\u1ea1i ti\u1ec7n \u00edch:<\/p>\n<ul>\n<li>D\u1ec5 d\u00e0ng cho kh\u00e2u v\u1eadn h\u00e0nh (C\u00e1n b\u1ed9 v\u1eadn h\u00e0nh tr\u00ean 1 h\u1ec7 th\u1ed1ng)<\/li>\n<li>C\u00f3 th\u1ec3 t\u00edch h\u1ee3p r\u1ea5t nhi\u1ec1u nh\u00e0 m\u00e1y v\u1edbi nhau, ho\u1ea1t \u0111\u1ed9ng nh\u01b0 1 trung t\u00e2m \u0111i\u1ec1u khi\u1ec3n chung 1 c\u00e1ch \u0111\u01a1n gi\u1ea3n, v\u1eadn h\u00e0nh tin c\u1eady, \u1ed5n \u0111\u1ecbnh.<\/li>\n<\/ul>\n<p>\u0110\u1ebfn nay, FRA \u0111\u00e3 tri\u1ec3n khai h\u01a1n 30 nh\u00e0 m\u00e1y NL t\u00e1i t\u1ea1o (\u0111i\u1ec7n M\u1eb7t tr\u1eddi v\u00e0 \u0111i\u1ec7n gi\u00f3); l\u00e0 m\u1ed9t trong nh\u1eefng \u0111\u01a1n v\u1ecb c\u00f3 nhi\u1ec1u kinh nghi\u1ec7m nh\u1ea5t Vi\u1ec7t Nam trong l\u0129nh v\u1ef1c n\u00e0y.<\/p>\n<p>V\u1edbi ch\u1ee9ng ch\u1ec9 c\u1ea5p Master c\u1ee7a Schneider to\u00e0n c\u1ea7u, FRA \u0111\u00e3 \u0111\u01b0\u1ee3c c\u00e1c t\u1ed5ng th\u1ea7u EPC l\u1edbn tr\u00ean th\u1ebf gi\u1edbi tin t\u01b0\u1edfng s\u1eed d\u1ee5ng gi\u1ea3i ph\u00e1p cho c\u00e1c d\u1ef1 \u00e1n c\u1ee7a m\u00ecnh nh\u01b0: TOYO\/Th\u00e1i Lan, JGC\/Nh\u1eadt\u2026<\/p>\n<p>\u0110\u1eb7c bi\u1ec7t, JGC c\u1ee7a Nh\u1eadt \u0111\u00e3 tin t\u01b0\u1edbng s\u1eed d\u1ee5ng gi\u1ea3i ph\u00e1p c\u1ee7a FRA cho c\u00e1c d\u1ef1 \u00e1n n\u01b0\u1edbc ngo\u00e0i c\u1ee7a ch\u00fang t\u00f4i.<\/p>\n<\/div><\/div>\n<\/div>\n\t\t<\/div><!-- .section-content -->\n\n\t\t\n<style scope=\"scope\">\n\n#section_1684623605 {\n  padding-top: 60px;\n  padding-bottom: 60px;\n}\n<\/style>\n\t<\/section>\n\t\n\t<section class=\"section gth_lich_su\" id=\"section_102225865\">\n\t\t<div class=\"bg section-bg fill bg-fill  bg-loaded\" >\n\n\t\t\t\n\t\t\t\n\t\t\t\n\n\t\t<\/div><!-- .section-bg -->\n\n\t\t<div class=\"section-content relative\">\n\t\t\t\n<div class=\"row\"  id=\"row-860930418\">\n<div class=\"col gth_ls_left medium-6 small-12 large-6\"  ><div class=\"col-inner\"  >\n\t<div class=\"box has-hover has-hover box-text-bottom\" >\n\n\t\t<div class=\"box-image\" >\n\t\t\t\t\t\t<div class=\"\" >\n\t\t\t\t<img width=\"959\" height=\"344\" src=\"https:\/\/fra.com.vn\/en\/wp-content\/uploads\/2022\/05\/g1.png\" class=\"attachment- size-\" alt=\"\" loading=\"lazy\" srcset=\"https:\/\/fra.com.vn\/en\/wp-content\/uploads\/2022\/05\/g1.png 959w, https:\/\/fra.com.vn\/en\/wp-content\/uploads\/2022\/05\/g1-800x287.png 800w, https:\/\/fra.com.vn\/en\/wp-content\/uploads\/2022\/05\/g1-768x275.png 768w\" sizes=\"(max-width: 959px) 100vw, 959px\" \/>\t\t\t\t\t\t\t\t\t\t\t<\/div>\n\t\t\t\t\t<\/div><!-- box-image -->\n\n\t\t<div class=\"box-text text-center\" >\n\t\t\t<div class=\"box-text-inner\">\n\t\t\t\t\n<h4>D\u1ef1 \u00e1n c\u1ee7a ch\u00fang t\u00f4i<\/h4>\n<a href=\"#\" target=\"_self\" class=\"button primary\"  style=\"border-radius:10px;\">\n    <span>Xem d\u1ef1 \u00e1n<\/span>\n  <\/a>\n\n\t\t\t<\/div><!-- box-text-inner -->\n\t\t<\/div><!-- box-text -->\n\t<\/div><!-- .box  -->\n\t\n<\/div><\/div>\n<div class=\"col gth_ls_rigth medium-6 small-12 large-6\"  ><div class=\"col-inner\"  >\n\t<div class=\"box has-hover has-hover box-text-bottom\" >\n\n\t\t<div class=\"box-image\" >\n\t\t\t\t\t\t<div class=\"\" >\n\t\t\t\t<img width=\"961\" height=\"344\" src=\"https:\/\/fra.com.vn\/en\/wp-content\/uploads\/2022\/05\/g2.png\" class=\"attachment- size-\" alt=\"\" loading=\"lazy\" srcset=\"https:\/\/fra.com.vn\/en\/wp-content\/uploads\/2022\/05\/g2.png 961w, https:\/\/fra.com.vn\/en\/wp-content\/uploads\/2022\/05\/g2-800x286.png 800w, https:\/\/fra.com.vn\/en\/wp-content\/uploads\/2022\/05\/g2-768x275.png 768w\" sizes=\"(max-width: 961px) 100vw, 961px\" \/>\t\t\t\t\t\t\t\t\t\t\t<\/div>\n\t\t\t\t\t<\/div><!-- box-image -->\n\n\t\t<div class=\"box-text text-center\" >\n\t\t\t<div class=\"box-text-inner\">\n\t\t\t\t\n<h4>Li\u00ean h\u1ec7 v\u1edbi ch\u00fang t\u00f4i<\/h4>\n<a href=\"#\" target=\"_self\" class=\"button primary\"  style=\"border-radius:10px;\">\n    <span>Li\u00ean h\u1ec7<\/span>\n  <\/a>\n\n\t\t\t<\/div><!-- box-text-inner -->\n\t\t<\/div><!-- box-text -->\n\t<\/div><!-- .box  -->\n\t\n<\/div><\/div>\n<\/div>\n\t\t<\/div><!-- .section-content -->\n\n\t\t\n<style scope=\"scope\">\n\n#section_102225865 {\n  padding-top: 0px;\n  padding-bottom: 0px;\n}\n<\/style>\n\t<\/section>\n\t\n","protected":false},"excerpt":{"rendered":"","protected":false},"author":3,"featured_media":0,"parent":0,"menu_order":0,"comment_status":"closed","ping_status":"closed","template":"page-blank.php","meta":[],"_links":{"self":[{"href":"https:\/\/fra.com.vn\/en\/wp-json\/wp\/v2\/pages\/1730"}],"collection":[{"href":"https:\/\/fra.com.vn\/en\/wp-json\/wp\/v2\/pages"}],"about":[{"href":"https:\/\/fra.com.vn\/en\/wp-json\/wp\/v2\/types\/page"}],"author":[{"embeddable":true,"href":"https:\/\/fra.com.vn\/en\/wp-json\/wp\/v2\/users\/3"}],"replies":[{"embeddable":true,"href":"https:\/\/fra.com.vn\/en\/wp-json\/wp\/v2\/comments?post=1730"}],"version-history":[{"count":1,"href":"https:\/\/fra.com.vn\/en\/wp-json\/wp\/v2\/pages\/1730\/revisions"}],"predecessor-version":[{"id":1731,"href":"https:\/\/fra.com.vn\/en\/wp-json\/wp\/v2\/pages\/1730\/revisions\/1731"}],"wp:attachment":[{"href":"https:\/\/fra.com.vn\/en\/wp-json\/wp\/v2\/media?parent=1730"}],"curies":[{"name":"wp","href":"https:\/\/api.w.org\/{rel}","templated":true}]}}