{"id":1570,"date":"2022-05-17T00:46:03","date_gmt":"2022-05-17T00:46:03","guid":{"rendered":"http:\/\/fra.com.vn\/en\/?page_id=1570"},"modified":"2022-05-20T05:33:53","modified_gmt":"2022-05-20T05:33:53","slug":"tu-van-va-phan-tich-he-thong","status":"publish","type":"page","link":"https:\/\/fra.com.vn\/en\/tu-van-va-phan-tich-he-thong\/","title":{"rendered":"T\u01b0 v\u1ea5n v\u00e0 ph\u00e2n t\u00edch h\u1ec7 th\u1ed1ng"},"content":{"rendered":"\t<section class=\"section sp_banner\" id=\"section_1039490051\">\n\t\t<div class=\"bg section-bg fill bg-fill  bg-loaded\" >\n\n\t\t\t\n\t\t\t\n\t\t\t\n\n\t\t<\/div><!-- .section-bg -->\n\n\t\t<div class=\"section-content relative\">\n\t\t\t\n\n  <div class=\"banner has-hover\" id=\"banner-555880208\">\n          <div class=\"banner-inner fill\">\n        <div class=\"banner-bg fill\" >\n            <div class=\"bg fill bg-fill \"><\/div>\n                                    \n                    <\/div><!-- bg-layers -->\n        <div class=\"banner-layers container\">\n            <div class=\"fill banner-link\"><\/div>            \n   <div id=\"text-box-81443674\" class=\"text-box banner-layer x50 md-x50 lg-x50 y60 md-y60 lg-y60 res-text\">\n                                <div class=\"text dark\">\n              \n              <div class=\"text-inner text-left\">\n                  \n<p><strong><span style=\"font-size: 24px;\">| D\u1ecaCH V\u1ee4 C\u1ee6A CH\u00daNG T\u00d4I\u00a0\u00a0<\/span><\/strong><\/p>\n              <\/div>\n           <\/div><!-- text-box-inner -->\n                            \n<style scope=\"scope\">\n\n#text-box-81443674 {\n  width: 100%;\n}\n#text-box-81443674 .text {\n  font-size: 100%;\n}\n<\/style>\n    <\/div><!-- text-box -->\n \n        <\/div><!-- .banner-layers -->\n      <\/div><!-- .banner-inner -->\n\n            \n<style scope=\"scope\">\n\n#banner-555880208 {\n  padding-top: 450px;\n}\n#banner-555880208 .bg.bg-loaded {\n  background-image: url(https:\/\/fra.com.vn\/en\/wp-content\/uploads\/2022\/05\/Slide-dien-1400x600.png);\n}\n<\/style>\n  <\/div><!-- .banner -->\n\n\n\t\t<\/div><!-- .section-content -->\n\n\t\t\n<style scope=\"scope\">\n\n#section_1039490051 {\n  padding-top: 0px;\n  padding-bottom: 0px;\n}\n<\/style>\n\t<\/section>\n\t\n\t<section class=\"section sp_01\" id=\"section_815183856\">\n\t\t<div class=\"bg section-bg fill bg-fill  bg-loaded\" >\n\n\t\t\t\n\t\t\t\n\t\t\t\n\n\t\t<\/div><!-- .section-bg -->\n\n\t\t<div class=\"section-content relative\">\n\t\t\t\n<div class=\"row\"  id=\"row-1791990744\">\n<div class=\"col sp_text_left medium-3 small-12 large-3\"  ><div class=\"col-inner\"  >\n<div class=\"container section-title-container\" ><h2 class=\"section-title section-title-normal\"><b><\/b><span class=\"section-title-main\" >d\u1ecbch v\u1ee5 sau b\u00e1n h\u00e0ng v\u00e0 b\u1ea3o tr\u00ec<\/span><b><\/b><\/h2><\/div><!-- .section-title -->\n<\/div><\/div>\n<div class=\"col sp_text_right medium-9 small-12 large-9\"  ><div class=\"col-inner\"  >\n<p>FRA cung c\u1ea5p c\u00e1c d\u1ecbch v\u1ee5 s\u1eeda ch\u01b0a bao g\u1ed3m:<\/p>\n<ul>\n<li>D\u1ecbch v\u1ee5 h\u1ed7 tr\u1ee3 kh\u00e1ch h\u00e0ng 24\/24\/7 trong su\u1ea5t qu\u00e1 tr\u00ecnh b\u1ea3o h\u00e0nh h\u1ec7 th\u1ed1ng.<\/li>\n<li>D\u1ecbch v\u1ee5 gia h\u1ea1n b\u1ea3o h\u00e0nh h\u1ec7 th\u1ed1ng<\/li>\n<li>D\u1ecbch v\u1ee5 thi\u1ebft k\u1ebf \u0111\u00e1nh gi\u00e1 v\u00e0 n\u00e2ng c\u00e2p t\u1ed5ng th\u1ec3 h\u1ec7 th\u1ed1ng<\/li>\n<li>D\u1ecbch v\u1ee5 h\u1ed7 tr\u1ee3 t\u1eeb xa\u00a0<\/li>\n<li>D\u1ecbch v\u1ee5 \u0111\u00e0o t\u1ea1o v\u1eadn h\u00e0nh h\u1ec7 th\u1ed1ng\u00a0<\/li>\n<\/ul>\n<a class=\"button primary\"  style=\"border-radius:10px;\">\n    <span>T\u00e0i li\u1ec7u d\u1ecbch v\u1ee5 sau b\u00e1n h\u00e0ng<\/span>\n  <\/a>\n\n<\/div><\/div>\n<\/div>\n\t\t<\/div><!-- .section-content -->\n\n\t\t\n<style scope=\"scope\">\n\n#section_815183856 {\n  padding-top: 60px;\n  padding-bottom: 60px;\n}\n<\/style>\n\t<\/section>\n\t\n\t<section class=\"section sp_03\" id=\"section_655003124\">\n\t\t<div class=\"bg section-bg fill bg-fill  bg-loaded\" >\n\n\t\t\t\n\t\t\t\n\t\t\t\n\n\t\t<\/div><!-- .section-bg -->\n\n\t\t<div class=\"section-content relative\">\n\t\t\t\n\t\t<\/div><!-- .section-content -->\n\n\t\t\n<style scope=\"scope\">\n\n#section_655003124 {\n  padding-top: 60px;\n  padding-bottom: 60px;\n}\n<\/style>\n\t<\/section>\n\t\n\t<section class=\"section gth_lich_su\" id=\"section_1553097397\">\n\t\t<div class=\"bg section-bg fill bg-fill  bg-loaded\" >\n\n\t\t\t\n\t\t\t\n\t\t\t\n\n\t\t<\/div><!-- .section-bg -->\n\n\t\t<div class=\"section-content relative\">\n\t\t\t\n<div class=\"row\"  id=\"row-1429863499\">\n<div class=\"col gth_ls_left medium-6 small-12 large-6\"  ><div class=\"col-inner\"  >\n\t<div class=\"box has-hover has-hover box-text-bottom\" >\n\n\t\t<div class=\"box-image\" >\n\t\t\t\t\t\t<div class=\"\" >\n\t\t\t\t<img width=\"959\" height=\"344\" src=\"https:\/\/fra.com.vn\/en\/wp-content\/uploads\/2022\/05\/g1.png\" class=\"attachment- size-\" alt=\"\" loading=\"lazy\" srcset=\"https:\/\/fra.com.vn\/en\/wp-content\/uploads\/2022\/05\/g1.png 959w, https:\/\/fra.com.vn\/en\/wp-content\/uploads\/2022\/05\/g1-800x287.png 800w, https:\/\/fra.com.vn\/en\/wp-content\/uploads\/2022\/05\/g1-768x275.png 768w\" sizes=\"(max-width: 959px) 100vw, 959px\" \/>\t\t\t\t\t\t\t\t\t\t\t<\/div>\n\t\t\t\t\t<\/div><!-- box-image -->\n\n\t\t<div class=\"box-text text-center\" >\n\t\t\t<div class=\"box-text-inner\">\n\t\t\t\t\n<h4>D\u1ef1 \u00e1n c\u1ee7a ch\u00fang t\u00f4i<\/h4>\n<a href=\"#\" target=\"_self\" class=\"button primary\"  style=\"border-radius:10px;\">\n    <span>Xem d\u1ef1 \u00e1n<\/span>\n  <\/a>\n\n\t\t\t<\/div><!-- box-text-inner -->\n\t\t<\/div><!-- box-text -->\n\t<\/div><!-- .box  -->\n\t\n<\/div><\/div>\n<div class=\"col gth_ls_rigth medium-6 small-12 large-6\"  ><div class=\"col-inner\"  >\n\t<div class=\"box has-hover has-hover box-text-bottom\" >\n\n\t\t<div class=\"box-image\" >\n\t\t\t\t\t\t<div class=\"\" >\n\t\t\t\t<img width=\"961\" height=\"344\" src=\"https:\/\/fra.com.vn\/en\/wp-content\/uploads\/2022\/05\/g2.png\" class=\"attachment- size-\" alt=\"\" loading=\"lazy\" srcset=\"https:\/\/fra.com.vn\/en\/wp-content\/uploads\/2022\/05\/g2.png 961w, https:\/\/fra.com.vn\/en\/wp-content\/uploads\/2022\/05\/g2-800x286.png 800w, https:\/\/fra.com.vn\/en\/wp-content\/uploads\/2022\/05\/g2-768x275.png 768w\" sizes=\"(max-width: 961px) 100vw, 961px\" \/>\t\t\t\t\t\t\t\t\t\t\t<\/div>\n\t\t\t\t\t<\/div><!-- box-image -->\n\n\t\t<div class=\"box-text text-center\" >\n\t\t\t<div class=\"box-text-inner\">\n\t\t\t\t\n<h4>Li\u00ean h\u1ec7 v\u1edbi ch\u00fang t\u00f4i<\/h4>\n<a href=\"#\" target=\"_self\" class=\"button primary\"  style=\"border-radius:10px;\">\n    <span>Li\u00ean h\u1ec7<\/span>\n  <\/a>\n\n\t\t\t<\/div><!-- box-text-inner -->\n\t\t<\/div><!-- box-text -->\n\t<\/div><!-- .box  -->\n\t\n<\/div><\/div>\n<\/div>\n\t\t<\/div><!-- .section-content -->\n\n\t\t\n<style scope=\"scope\">\n\n#section_1553097397 {\n  padding-top: 0px;\n  padding-bottom: 0px;\n}\n<\/style>\n\t<\/section>\n\t\n","protected":false},"excerpt":{"rendered":"","protected":false},"author":1,"featured_media":0,"parent":0,"menu_order":0,"comment_status":"closed","ping_status":"closed","template":"page-blank.php","meta":[],"_links":{"self":[{"href":"https:\/\/fra.com.vn\/en\/wp-json\/wp\/v2\/pages\/1570"}],"collection":[{"href":"https:\/\/fra.com.vn\/en\/wp-json\/wp\/v2\/pages"}],"about":[{"href":"https:\/\/fra.com.vn\/en\/wp-json\/wp\/v2\/types\/page"}],"author":[{"embeddable":true,"href":"https:\/\/fra.com.vn\/en\/wp-json\/wp\/v2\/users\/1"}],"replies":[{"embeddable":true,"href":"https:\/\/fra.com.vn\/en\/wp-json\/wp\/v2\/comments?post=1570"}],"version-history":[{"count":8,"href":"https:\/\/fra.com.vn\/en\/wp-json\/wp\/v2\/pages\/1570\/revisions"}],"predecessor-version":[{"id":1838,"href":"https:\/\/fra.com.vn\/en\/wp-json\/wp\/v2\/pages\/1570\/revisions\/1838"}],"wp:attachment":[{"href":"https:\/\/fra.com.vn\/en\/wp-json\/wp\/v2\/media?parent=1570"}],"curies":[{"name":"wp","href":"https:\/\/api.w.org\/{rel}","templated":true}]}}